{"id":25,"date":"2017-02-26T17:10:04","date_gmt":"2017-02-26T17:10:04","guid":{"rendered":"http:\/\/cursodeconduccion.com\/portal\/?page_id=25"},"modified":"2023-05-02T20:00:07","modified_gmt":"2023-05-03T01:00:07","slug":"contacto","status":"publish","type":"page","link":"https:\/\/cursodeconduccion.com\/portal\/index.php\/contacto\/","title":{"rendered":"Contacto"},"content":{"rendered":"<p>[vc_row][vc_column width=\u00bb2\/3&#8243;][vc_raw_html]JTNDaWZyYW1lJTIwc3JjJTNEJTIyaHR0cHMlM0ElMkYlMkZ3d3cuZ29vZ2xlLmNvbSUyRm1hcHMlMkZlbWJlZCUzRnBiJTNEJTIxMW0xNCUyMTFtOCUyMTFtMyUyMTFkMzY0Ni4yNTQwMzY1NDUxNjclMjEyZC03NC4xMTUyNTMxNDMyMjkzMSUyMTNkNC43MjM0MDYwMzMyODg0MTclMjEzbTIlMjExaTEwMjQlMjEyaTc2OCUyMTRmMTMuMSUyMTNtMyUyMTFtMiUyMTFzMHgwJTI1M0EweDg0NjA4NTk4OTI1MDUwOWMlMjEyc0FjYWRlbWlhJTI1MjBBVVRPQVBSRU5ESVpBSkUlMjE1ZTAlMjEzbTIlMjExc2VzLTQxOSUyMTJzY28lMjE0djE2MDIxMjI5NzEwODclMjE1bTIlMjExc2VzLTQxOSUyMTJzY28lMjIlMjB3aWR0aCUzRCUyMjYwMCUyMiUyMGhlaWdodCUzRCUyMjQ1MCUyMiUyMGZyYW1lYm9yZGVyJTNEJTIyMCUyMiUyMHN0eWxlJTNEJTIyYm9yZGVyJTNBMCUzQiUyMiUyMGFsbG93ZnVsbHNjcmVlbiUzRCUyMiUyMiUyMGFyaWEtaGlkZGVuJTNEJTIyZmFsc2UlMjIlMjB0YWJpbmRleCUzRCUyMjAlMjIlM0UlM0MlMkZpZnJhbWUlM0U=[\/vc_raw_html][\/vc_column][vc_column width=\u00bb1\/3&#8243;][vc_column_text]<\/p>\n<h3>Centro Comercial Unicentro de Occidente<\/h3>\n<p>Ciudadela Colsubsidio<\/p>\n<p>Bogota &#8211; Colombia<\/p>\n<p>Calle 83 Bis # 111 c &#8211; 20 <strong>Local 253<\/strong><\/p>\n<h4><i class=\"fa fa-phone\"><\/i> <abbr title=\"Phone\">PBX<\/abbr>: (601)\u00a0 442 5269<\/h4>\n<p><i class=\"fa fa-phone\"><\/i> <a title=\"Contacta tu Asesor de Confianza\" href=\"https:\/\/wa.me\/573112775500\"><abbr title=\"Phone\">M\u00f3vil<\/abbr>: 311 277 5500<\/a><\/p>\n<p><i class=\"fa fa-clock-o\"><\/i> <abbr title=\"Hours\">Horario de Atenci\u00f3n<\/abbr>:<\/p>\n<p>Lunes a S\u00e1bado: 8:00 AM a 7:00 PM<br \/>\nJornada Continua<\/p>\n<h3><\/h3>\n<p>[\/vc_column_text][\/vc_column][\/vc_row][vc_row][vc_column]<style type=\"text\/css\" >#rd_vjybyrzm5jgkc4d8gt6e .wpcf7 input[type=submit]{font-size:15px; font-weight:900; border-radius:2px; padding:11px 15px; letter-spacing: 0.5px; margin-top:3px;}#rd_vjybyrzm5jgkc4d8gt6e .wpcf7 input[type=submit]:hover {background:#21e6f8; color:#ffffff !important;}#rd_vjybyrzm5jgkc4d8gt6e .wpcf7 input:not([type=submit]),#rd_vjybyrzm5jgkc4d8gt6e textarea,#rd_vjybyrzm5jgkc4d8gt6e .wpcf7 select{border-radius:0px;}#rd_vjybyrzm5jgkc4d8gt6e .wpcf7 input:not([type=submit]),#rd_vjybyrzm5jgkc4d8gt6e textarea,#rd_vjybyrzm5jgkc4d8gt6e .wpcf7 input[type=submit],#rd_vjybyrzm5jgkc4d8gt6e .wpcf7 select{margin-top:3px;}#rd_vjybyrzm5jgkc4d8gt6e p{margin-bottom:23px;}#rd_vjybyrzm5jgkc4d8gt6e .wpcf7 input:not([type=submit]),#rd_vjybyrzm5jgkc4d8gt6e .wpcf7  textarea,#rd_vjybyrzm5jgkc4d8gt6e .wpcf7 select{border:1px solid #ecf0f1; background:#ffffff;}#rd_vjybyrzm5jgkc4d8gt6e .wpcf7 input[type=submit]{background:; color: !important;}<\/style><div id=\"rd_vjybyrzm5jgkc4d8gt6e\" class=\"\">[contact-form-7 404 \"No encontrado\"]<\/div>[\/vc_column][\/vc_row]<\/p>\n","protected":false},"excerpt":{"rendered":"<p>[vc_row][vc_column width=\u00bb2\/3&#8243;][vc_raw_html]JTNDaWZyYW1lJTIwc3JjJTNEJTIyaHR0cHMlM0ElMkYlMkZ3d3cuZ29vZ2xlLmNvbSUyRm1hcHMlMkZlbWJlZCUzRnBiJTNEJTIxMW0xNCUyMTFtOCUyMTFtMyUyMTFkMzY0Ni4yNTQwMzY1NDUxNjclMjEyZC03NC4xMTUyNTMxNDMyMjkzMSUyMTNkNC43MjM0MDYwMzMyODg0MTclMjEzbTIlMjExaTEwMjQlMjEyaTc2OCUyMTRmMTMuMSUyMTNtMyUyMTFtMiUyMTFzMHgwJTI1M0EweDg0NjA4NTk4OTI1MDUwOWMlMjEyc0FjYWRlbWlhJTI1MjBBVVRPQVBSRU5ESVpBSkUlMjE1ZTAlMjEzbTIlMjExc2VzLTQxOSUyMTJzY28lMjE0djE2MDIxMjI5NzEwODclMjE1bTIlMjExc2VzLTQxOSUyMTJzY28lMjIlMjB3aWR0aCUzRCUyMjYwMCUyMiUyMGhlaWdodCUzRCUyMjQ1MCUyMiUyMGZyYW1lYm9yZGVyJTNEJTIyMCUyMiUyMHN0eWxlJTNEJTIyYm9yZGVyJTNBMCUzQiUyMiUyMGFsbG93ZnVsbHNjcmVlbiUzRCUyMiUyMiUyMGFyaWEtaGlkZGVuJTNEJTIyZmFsc2UlMjIlMjB0YWJpbmRleCUzRCUyMjAlMjIlM0UlM0MlMkZpZnJhbWUlM0U=[\/vc_raw_html][\/vc_column][vc_column width=\u00bb1\/3&#8243;][vc_column_text] Centro Comercial Unicentro de Occidente Ciudadela Colsubsidio Bogota &#8211; Colombia Calle 83 Bis # 111 c &#8211; 20 Local 253 PBX: (601)\u00a0 442 5269 M\u00f3vil: 311 277 5500 Horario de Atenci\u00f3n: Lunes a S\u00e1bado: 8:00 AM a 7:00 PM Jornada Continua [\/vc_column_text][\/vc_column][\/vc_row][vc_row][vc_column][contact-form-7 404 \"No encontrado\"][\/vc_column][\/vc_row]<br \/><a href=\"https:\/\/cursodeconduccion.com\/portal\/index.php\/contacto\/\" class=\"more\">Read more<\/a><\/p>\n","protected":false},"author":2,"featured_media":0,"parent":0,"menu_order":0,"comment_status":"closed","ping_status":"closed","template":"","meta":[],"aioseo_notices":[],"_links":{"self":[{"href":"https:\/\/cursodeconduccion.com\/portal\/index.php\/wp-json\/wp\/v2\/pages\/25"}],"collection":[{"href":"https:\/\/cursodeconduccion.com\/portal\/index.php\/wp-json\/wp\/v2\/pages"}],"about":[{"href":"https:\/\/cursodeconduccion.com\/portal\/index.php\/wp-json\/wp\/v2\/types\/page"}],"author":[{"embeddable":true,"href":"https:\/\/cursodeconduccion.com\/portal\/index.php\/wp-json\/wp\/v2\/users\/2"}],"replies":[{"embeddable":true,"href":"https:\/\/cursodeconduccion.com\/portal\/index.php\/wp-json\/wp\/v2\/comments?post=25"}],"version-history":[{"count":13,"href":"https:\/\/cursodeconduccion.com\/portal\/index.php\/wp-json\/wp\/v2\/pages\/25\/revisions"}],"predecessor-version":[{"id":524,"href":"https:\/\/cursodeconduccion.com\/portal\/index.php\/wp-json\/wp\/v2\/pages\/25\/revisions\/524"}],"wp:attachment":[{"href":"https:\/\/cursodeconduccion.com\/portal\/index.php\/wp-json\/wp\/v2\/media?parent=25"}],"curies":[{"name":"wp","href":"https:\/\/api.w.org\/{rel}","templated":true}]}}