{"id":17,"date":"2017-02-26T17:08:16","date_gmt":"2017-02-26T17:08:16","guid":{"rendered":"http:\/\/cursodeconduccion.com\/portal\/?page_id=17"},"modified":"2024-04-29T19:44:13","modified_gmt":"2024-04-30T00:44:13","slug":"turbo","status":"publish","type":"page","link":"https:\/\/cursodeconduccion.com\/portal\/index.php\/turbo\/","title":{"rendered":"Nivel  TURBO"},"content":{"rendered":"<p>[vc_row][vc_column width=\u00bb1\/2&#8243;][vc_single_image image=\u00bb598&#8243; img_size=\u00bbfull\u00bb][\/vc_column][vc_column width=\u00bb1\/2&#8243;][vc_column_text]<\/p>\n<h6><a href=\"https:\/\/wa.me\/573112775500\">\u00a1Atenci\u00f3n estudiantes de <em>Autoaprendizaje<\/em>!<\/a><\/h6>\n<p>\u00a1Prep\u00e1rense para acelerar hacia el \u00e9xito con nuestro nuevo servicio <a href=\"https:\/\/wa.me\/573112775500\"><em><span style=\"color: #ff0000;\">TURBO<\/span><\/em><\/a>!<\/p>\n<p>Imagina esto:<br \/>\n\u00bfQuieres obtener tu licencia de conducci\u00f3n m\u00e1s r\u00e1pido que nunca?<br \/>\nCon <a href=\"https:\/\/wa.me\/573112775500\"><em><span style=\"color: #ff0000;\">TURBO<\/span><\/em><\/a>, ahora es posible.<br \/>\nPor solo $80 mil pesos, puedes activar el <a href=\"https:\/\/wa.me\/573112775500\"><em><span style=\"color: #ff0000;\">TURBO<\/span><\/em><\/a> y programar hasta 8 horas al d\u00eda de pr\u00e1ctica.<\/p>\n<p>\u00a1S\u00ed, has escuchalo bien!<\/p>\n<p>\u00a1Ocho horas de pr\u00e1ctica al d\u00eda para acelerar tu aprendizaje!<\/p>\n<p>\u00bfTe encuentras con poco tiempo pero muchas ganas de obtener tu licencia r\u00e1pidamente?<br \/>\n\u00a1No hay problema!<br \/>\nCon <a href=\"https:\/\/wa.me\/573112775500\"><em><span style=\"color: #ff0000;\">TURBO<\/span><\/em><\/a>, puedes avanzar a tu propio ritmo y completar tu curso de manera m\u00e1s eficiente que nunca.<\/p>\n<p>\u00bfC\u00f3mo funciona?<\/p>\n<p>Es simple.<br \/>\nPor cada activaci\u00f3n de <a href=\"https:\/\/wa.me\/573112775500\"><em><span style=\"color: #ff0000;\">TURBO<\/span><\/em><\/a>, obtienes 8 horas de pr\u00e1ctica en un d\u00eda.<br \/>\n\u00a1As\u00ed de f\u00e1cil!<\/p>\n<p>Puedes activar el <a href=\"https:\/\/wa.me\/573112775500\"><em><span style=\"color: #ff0000;\">TURBO<\/span><\/em><\/a> al momento de tu inscripci\u00f3n o durante la programaci\u00f3n de tus clases pr\u00e1cticas.<\/p>\n<p>\u00a1La decisi\u00f3n est\u00e1 en tus manos!<\/p>\n<p>Con <a href=\"https:\/\/wa.me\/573112775500\"><em><span style=\"color: #ff0000;\">TURBO<\/span><\/em><\/a>, no solo acelerar\u00e1s tu proceso de aprendizaje, sino que tambi\u00e9n estar\u00e1s un paso m\u00e1s cerca de obtener tu licencia de conducci\u00f3n.<\/p>\n<p>\u00bfQu\u00e9 est\u00e1s esperando?<\/p>\n<p>\u00a1Activa el <a href=\"https:\/\/wa.me\/573112775500\"><em><span style=\"color: #ff0000;\">TURBO<\/span><\/em><\/a> hoy mismo y acelera hacia tu \u00e9xito en la carretera!<\/p>\n<p><em>Autoaprendizaje<\/em> &#8211; \u00a1Donde aceleramos tu camino hacia la licencia de conducci\u00f3n! \ud83d\ude97\ud83d\udca8<\/p>\n<p><a href=\"https:\/\/wa.me\/573112775500\"><span style=\"color: #ff0000;\">Clic Aqui para + Informacion<\/span><\/a><\/p>\n<p>[\/vc_column_text][\/vc_column][\/vc_row]<\/p>\n","protected":false},"excerpt":{"rendered":"<p>[vc_row][vc_column width=\u00bb1\/2&#8243;][vc_single_image image=\u00bb598&#8243; img_size=\u00bbfull\u00bb][\/vc_column][vc_column width=\u00bb1\/2&#8243;][vc_column_text] \u00a1Atenci\u00f3n estudiantes de Autoaprendizaje! \u00a1Prep\u00e1rense para acelerar hacia el \u00e9xito con nuestro nuevo servicio TURBO! Imagina esto: \u00bfQuieres obtener tu licencia de conducci\u00f3n m\u00e1s r\u00e1pido que nunca? Con TURBO, ahora es posible. Por solo $80 mil pesos, puedes activar el TURBO y programar hasta 8 horas al d\u00eda de pr\u00e1ctica.<br \/><a href=\"https:\/\/cursodeconduccion.com\/portal\/index.php\/turbo\/\" class=\"more\">Read more<\/a><\/p>\n","protected":false},"author":2,"featured_media":0,"parent":0,"menu_order":0,"comment_status":"closed","ping_status":"closed","template":"","meta":[],"aioseo_notices":[],"_links":{"self":[{"href":"https:\/\/cursodeconduccion.com\/portal\/index.php\/wp-json\/wp\/v2\/pages\/17"}],"collection":[{"href":"https:\/\/cursodeconduccion.com\/portal\/index.php\/wp-json\/wp\/v2\/pages"}],"about":[{"href":"https:\/\/cursodeconduccion.com\/portal\/index.php\/wp-json\/wp\/v2\/types\/page"}],"author":[{"embeddable":true,"href":"https:\/\/cursodeconduccion.com\/portal\/index.php\/wp-json\/wp\/v2\/users\/2"}],"replies":[{"embeddable":true,"href":"https:\/\/cursodeconduccion.com\/portal\/index.php\/wp-json\/wp\/v2\/comments?post=17"}],"version-history":[{"count":12,"href":"https:\/\/cursodeconduccion.com\/portal\/index.php\/wp-json\/wp\/v2\/pages\/17\/revisions"}],"predecessor-version":[{"id":599,"href":"https:\/\/cursodeconduccion.com\/portal\/index.php\/wp-json\/wp\/v2\/pages\/17\/revisions\/599"}],"wp:attachment":[{"href":"https:\/\/cursodeconduccion.com\/portal\/index.php\/wp-json\/wp\/v2\/media?parent=17"}],"curies":[{"name":"wp","href":"https:\/\/api.w.org\/{rel}","templated":true}]}}