{"id":157,"date":"2017-04-17T17:00:24","date_gmt":"2017-04-17T22:00:24","guid":{"rendered":"https:\/\/cursodeconduccion.com\/portal\/?page_id=157"},"modified":"2023-04-17T19:41:09","modified_gmt":"2023-04-18T00:41:09","slug":"clases-de-refuerzo","status":"publish","type":"page","link":"https:\/\/cursodeconduccion.com\/portal\/index.php\/clases-de-refuerzo\/","title":{"rendered":"Clases De Refuerzo"},"content":{"rendered":"<p>[vc_row][vc_column width=\u00bb1\/3&#8243;][vc_single_image image=\u00bb270&#8243; img_size=\u00bbfull\u00bb][vc_column_text]<\/p>\n<h2>Ya tiene licencia, pero no la suficiente practica?<\/h2>\n<h2><\/h2>\n<p>[\/vc_column_text][\/vc_column][vc_column width=\u00bb1\/3&#8243;][vc_single_image image=\u00bb284&#8243; img_size=\u00bbfull\u00bb][vc_column_text]<\/p>\n<h2>Quisiera mejorar sus habilidades de conducci\u00f3n?<\/h2>\n<h2><\/h2>\n<p>[\/vc_column_text][\/vc_column][vc_column width=\u00bb1\/3&#8243;][vc_single_image image=\u00bb292&#8243; img_size=\u00bbfull\u00bb][vc_column_text]<\/p>\n<h2>Cambio su veh\u00edculo y ahora parece mas dif\u00edcil conducir el nuevo?<\/h2>\n<h2><\/h2>\n<p>[\/vc_column_text][\/vc_column][vc_column]<style type=\"text\/css\" >#l_os5jgenqz57vdntr0gz4.sc_line ,#l_os5jgenqz57vdntr0gz4 .sc_line { height:1px; background:;}#l_os5jgenqz57vdntr0gz4 {margin:30px 0 0px 0; padding:0;}<\/style><div class=\"clearfix\"><\/div><div id=\"l_os5jgenqz57vdntr0gz4\"  class=\"sc_line rd_line_normal\" ><\/div>[vc_column_text]<\/p>\n<h3 style=\"text-align: center;\">En cada sesi\u00f3n que se dictara de 2 horas cada una, usted podr\u00e1 reforzar espec\u00edficamente en:<\/h3>\n<p>[\/vc_column_text]<style type=\"text\/css\" >#l_yh4nacv6ijug4wdeck3j.sc_line ,#l_yh4nacv6ijug4wdeck3j .sc_line { height:1px; background:;}#l_yh4nacv6ijug4wdeck3j {margin:30px 0 0px 0; padding:0;}<\/style><div class=\"clearfix\"><\/div><div id=\"l_yh4nacv6ijug4wdeck3j\"  class=\"sc_line rd_line_normal\" ><\/div>[vc_column_text]<\/p>\n<h1><span style=\"color: #ff0000;\">\u00bfYa tienes licencia y experiencia de conducci\u00f3n,<br \/>\npero te gustar\u00eda mejorar tus habilidades en la carretera? <\/span><\/h1>\n<h1><\/h1>\n<p>&nbsp;<\/p>\n<h1><span style=\"color: #ff0000;\">\u00bfHa cambiado de veh\u00edculo y<br \/>\nnecesitas adaptarte a las nuevas caracter\u00edsticas del mismo? <\/span><\/h1>\n<h1><\/h1>\n<p>&nbsp;<\/p>\n<p>&nbsp;<\/p>\n<h1>Tenemos la soluci\u00f3n perfecta para ti:<\/h1>\n<p>&nbsp;<\/p>\n<h1><span style=\"color: #ff0000;\">Nuestro Curso de Refuerzo en Conducci\u00f3n para Autom\u00f3vil y Motocicleta.<\/span><\/h1>\n<h2><\/h2>\n<p>&nbsp;<\/p>\n<h2>Nuestros profesores especializados en manejo de personas nerviosas y menores de edad,<br \/>\nte mejorar\u00e1n la formaci\u00f3n en t\u00e9cnicas de manejo defensivo para el tr\u00e1fico pesado.<\/h2>\n<p>&nbsp;<\/p>\n<p>&nbsp;<\/p>\n<h2>En cada sesi\u00f3n, que tendr\u00e1 una duraci\u00f3n de 2 horas, podr\u00e1 enfocarse en fortalecer<br \/>\nhabilidades espec\u00edficas,<\/h2>\n<h2>como t\u00e9cnicas de reversa y parqueo,<\/h2>\n<h2>arrancar en subida,<\/h2>\n<h2>manejo defensivo para el tr\u00e1fico pesado y<\/h2>\n<h2>conocimientos b\u00e1sicos de su veh\u00edculo mec\u00e1nico o autom\u00e1tico.<\/h2>\n<h2><\/h2>\n<p>&nbsp;<\/p>\n<h2>Los horarios de nuestras sesiones son flexibles,<\/h2>\n<h2>adaptados a tus necesidades y disponibles de lunes a s\u00e1bado de 6 am a 10 pm,<\/h2>\n<h2>dos horas al d\u00eda.<\/h2>\n<h2><\/h2>\n<p>&nbsp;<\/p>\n<p>&nbsp;<\/p>\n<h2>Desde hace 23 a\u00f1os, nos hemos comprometido con la seguridad vial en Colombia y<br \/>\nhemos sido reconocidos por entidades certificadoras y organismos de control y vigilancia como<\/h2>\n<h2>Icontec,<br \/>\nMinisterio de Transporte,<br \/>\nMinisterio de Educaci\u00f3n y<br \/>\nSecretar\u00eda de Educaci\u00f3n.<\/h2>\n<p>&nbsp;<\/p>\n<p>&nbsp;<\/p>\n<h2>Al inscribirte en nuestro curso, obtendr\u00e1s una licencia de conducci\u00f3n provisional para tus clases,<br \/>\nacceso a veh\u00edculos mec\u00e1nicos y autom\u00e1ticos,<br \/>\nclases personalizadas y presenciales, y la oportunidad de aprender tecnicas de conduccion en carretera.<\/h2>\n<h2><\/h2>\n<p>&nbsp;<\/p>\n<h2>Nuestro curso est\u00e1 dividido en tres niveles de pr\u00e1ctica:<\/h2>\n<h2><span style=\"color: #ff0000;\">4<\/span> horas, <span style=\"color: #ff0000;\">12<\/span> horas y <span style=\"color: #ff0000;\">30<\/span> horas.<\/h2>\n<p>&nbsp;<\/p>\n<h2>Los precios para el pago en efectivo son los siguientes:<br \/>\n<span style=\"color: #ff0000;\">$160.000<\/span> para 4 horas,<br \/>\n<span style=\"color: #ff0000;\">$420.000<\/span> para 12 horas y<br \/>\n<span style=\"color: #ff0000;\">$900.000<\/span> para 30 horas.<\/h2>\n<h2><\/h2>\n<p>&nbsp;<\/p>\n<h2>Adem\u00e1s, aceptamos todos los medios de pago electr\u00f3nicos,<br \/>\ncomo tarjetas de cr\u00e9dito Visa, Master Card, American Express, Dinners Club, Nequi, Daviplata, Bitcoin y USDT.<\/h2>\n<h2><\/h2>\n<p>&nbsp;<\/p>\n<h2><a title=\"Contacta tu Asesor de Confianza\" href=\"https:\/\/wa.me\/573112775500\">Para inscribirte<\/a>,<br \/>\nsolo necesitas dirigirte personalmente a nuestra academia<br \/>\ncon tu documento de identidad original y<br \/>\nuna fotocopia ampliada al 150%.<\/h2>\n<p>&nbsp;<\/p>\n<h2>Estamos ubicados en el <a title=\"Te Esperamos...\" href=\"https:\/\/goo.gl\/maps\/uh1eD7ECjqMW8uXi7\">Centro Comercial Unicentro de Occidente Local 253<\/a>,<br \/>\nCiudadela Colsubsidio,<br \/>\nBogot\u00e1 &#8211; Colombia.<\/h2>\n<p>&nbsp;<\/p>\n<p>&nbsp;<\/p>\n<h2>Si tienes alguna duda o pregunta, no dudes en contactarnos<\/h2>\n<p>&nbsp;<\/p>\n<h2>Nuestro horario de atenci\u00f3n es de<br \/>\nlunes a s\u00e1bado de 8:00 am a 7:00 pm<br \/>\nen jornada continua.<\/h2>\n<h2><\/h2>\n<p>&nbsp;<\/p>\n<h2>\u00a1Inscr\u00edbete ya y mejora tus habilidades en la carretera!<\/h2>\n<p>&nbsp;<\/p>\n<p>&nbsp;<\/p>\n<h1><strong><a title=\"Contacta tu Asesor de Confianza\" href=\"https:\/\/wa.me\/573112775500\">\u00a1Inscr\u00edbete ahora!<\/a><\/strong><\/h1>\n<p>&nbsp;<\/p>\n<p>&nbsp;<\/p>\n<h3><strong>Centro Comercial Unicentro de Occidente Local 253<br \/>\n<\/strong>Ciudadela Colsubsidio<br \/>\nBogot\u00e1 \u2013 Colombia<\/h3>\n<h3><a title=\"Te Esperamos...\" href=\"https:\/\/goo.gl\/maps\/uh1eD7ECjqMW8uXi7\">Calle 83 Bis # 111 c \u2013 20 Local 253<\/a><br \/>\nPBX: (601) 442 5269<br \/>\n<a title=\"Contacta tu Asesor de Confianza\" href=\"https:\/\/wa.me\/573112775500\">M\u00f3vil: 311 277 5500<\/a><\/h3>\n<h3>Horario de Atenci\u00f3n:<br \/>\nlunes a s\u00e1bado: 8:00 AM a 7:00 PM<br \/>\nJornada Continua<\/h3>\n<p>&nbsp;<\/p>\n<p>&nbsp;<\/p>\n<p>&nbsp;<\/p>\n<p><span style=\"color: #ff0000;\">Pregunta por Nuestros Niveles <em><strong>PRO INTENSIVE<\/strong><\/em><\/span><\/p>\n<p>&nbsp;<\/p>\n<p>&nbsp;<\/p>\n<p>&nbsp;<\/p>\n<p><em>El valor del curso se encuentra en el rango de precios dado por el Ministerio de Transporte (Resoluci\u00f3n 0001208 del 05 de mayo de 2017), al precio aqu\u00ed descrito se le adicionar\u00e1 el valor que por las condiciones y caracter\u00edsticas de seguridad se adopten y los dem\u00e1s valores de terceros que por ley se constituyen en obligaciones (Agencia Nacional de Seguridad Vial-ANSV, Recaudo m\u00e1s IVA, SICOV, entre otros). Este valor no incluye ex\u00e1menes de evaluaci\u00f3n m\u00e9dica para conductores, derechos en el organismo de tr\u00e1nsito y otros que la ley exija o reglamente para la obtenci\u00f3n de la licencia de conducci\u00f3n.<\/em>[\/vc_column_text][vc_column_text]<\/p>\n<h3 style=\"text-align: center;\">Valor de cuatro (4) Horas de Pr\u00e1ctica <span style=\"color: #ff0000;\">$ 160.000<\/span><\/h3>\n<h3 style=\"text-align: center;\">Valor de doce (12) Horas de Pr\u00e1ctica <span style=\"color: #ff0000;\">$ 420.000<\/span><\/h3>\n<h3 style=\"text-align: center;\">Valor de treinta (30) Horas de Pr\u00e1ctica <span style=\"color: #ff0000;\">$ 900.000<\/span><\/h3>\n<h3 style=\"text-align: center;\"><span style=\"color: #ff0000;\">\u00a0<\/span><\/h3>\n<p>[\/vc_column_text][\/vc_column][\/vc_row][vc_row][vc_column]<style type=\"text\/css\" >#l_hzgvi7q74wh93lb9nbxj.sc_line ,#l_hzgvi7q74wh93lb9nbxj .sc_line { height:1px; background:;}#l_hzgvi7q74wh93lb9nbxj {margin:0px 0 0px 0; padding:0;}<\/style><div class=\"clearfix\"><\/div><div id=\"l_hzgvi7q74wh93lb9nbxj\"  class=\"sc_line rd_line_normal\" ><\/div>[\/vc_column][vc_column][\/vc_column][\/vc_row]<\/p>\n","protected":false},"excerpt":{"rendered":"<p>[vc_row][vc_column width=\u00bb1\/3&#8243;][vc_single_image image=\u00bb270&#8243; img_size=\u00bbfull\u00bb][vc_column_text] Ya tiene licencia, pero no la suficiente practica? [\/vc_column_text][\/vc_column][vc_column width=\u00bb1\/3&#8243;][vc_single_image image=\u00bb284&#8243; img_size=\u00bbfull\u00bb][vc_column_text] Quisiera mejorar sus habilidades de conducci\u00f3n? [\/vc_column_text][\/vc_column][vc_column width=\u00bb1\/3&#8243;][vc_single_image image=\u00bb292&#8243; img_size=\u00bbfull\u00bb][vc_column_text] Cambio su veh\u00edculo y ahora parece mas dif\u00edcil conducir el nuevo? [\/vc_column_text][\/vc_column][vc_column][vc_column_text] En cada sesi\u00f3n que se dictara de 2 horas cada una, usted podr\u00e1 reforzar espec\u00edficamente en: [\/vc_column_text][vc_column_text]<br \/><a href=\"https:\/\/cursodeconduccion.com\/portal\/index.php\/clases-de-refuerzo\/\" class=\"more\">Read more<\/a><\/p>\n","protected":false},"author":2,"featured_media":0,"parent":0,"menu_order":0,"comment_status":"closed","ping_status":"closed","template":"","meta":[],"aioseo_notices":[],"_links":{"self":[{"href":"https:\/\/cursodeconduccion.com\/portal\/index.php\/wp-json\/wp\/v2\/pages\/157"}],"collection":[{"href":"https:\/\/cursodeconduccion.com\/portal\/index.php\/wp-json\/wp\/v2\/pages"}],"about":[{"href":"https:\/\/cursodeconduccion.com\/portal\/index.php\/wp-json\/wp\/v2\/types\/page"}],"author":[{"embeddable":true,"href":"https:\/\/cursodeconduccion.com\/portal\/index.php\/wp-json\/wp\/v2\/users\/2"}],"replies":[{"embeddable":true,"href":"https:\/\/cursodeconduccion.com\/portal\/index.php\/wp-json\/wp\/v2\/comments?post=157"}],"version-history":[{"count":32,"href":"https:\/\/cursodeconduccion.com\/portal\/index.php\/wp-json\/wp\/v2\/pages\/157\/revisions"}],"predecessor-version":[{"id":516,"href":"https:\/\/cursodeconduccion.com\/portal\/index.php\/wp-json\/wp\/v2\/pages\/157\/revisions\/516"}],"wp:attachment":[{"href":"https:\/\/cursodeconduccion.com\/portal\/index.php\/wp-json\/wp\/v2\/media?parent=157"}],"curies":[{"name":"wp","href":"https:\/\/api.w.org\/{rel}","templated":true}]}}